{"id":6,"date":"2026-03-31T17:52:54","date_gmt":"2026-03-31T17:52:54","guid":{"rendered":"https:\/\/kienthucnft.com\/?page_id=6"},"modified":"2026-03-31T18:09:09","modified_gmt":"2026-03-31T18:09:09","slug":"home","status":"publish","type":"page","link":"https:\/\/kienthucnft.com\/","title":{"rendered":"Home"},"content":{"rendered":"\n\t<div class=\"img has-hover x md-x lg-x y md-y lg-y\" id=\"image_1933974358\">\n\t\t\t\t\t\t\t\t<div class=\"img-inner dark\" >\n\t\t\t<img loading=\"lazy\" decoding=\"async\" width=\"1020\" height=\"265\" src=\"https:\/\/kienthucnft.com\/wp-content\/uploads\/2026\/03\/Banner-sunwin-1024x266.jpg\" class=\"attachment-large size-large\" alt=\"\" srcset=\"https:\/\/kienthucnft.com\/wp-content\/uploads\/2026\/03\/Banner-sunwin-1024x266.jpg 1024w, https:\/\/kienthucnft.com\/wp-content\/uploads\/2026\/03\/Banner-sunwin-300x78.jpg 300w, https:\/\/kienthucnft.com\/wp-content\/uploads\/2026\/03\/Banner-sunwin-768x200.jpg 768w, https:\/\/kienthucnft.com\/wp-content\/uploads\/2026\/03\/Banner-sunwin.jpg 1080w\" sizes=\"auto, (max-width: 1020px) 100vw, 1020px\" \/>\t\t\t\t\t\t\n\t\t\t\t\t<\/div>\n\t\t\t\t\t\t\t\t\n<style>\n#image_1933974358 {\n  width: 100%;\n}\n<\/style>\n\t<\/div>\n\t\n\n<div class=\"row\"  id=\"row-353981110\">\n\n\n\t<div id=\"col-1251907486\" class=\"col small-12 large-12\"  >\n\t\t\t\t<div class=\"col-inner\"  >\n\t\t\t\n\t\t\t\n\n<p><span style=\"font-weight: 400;\">Sunwin l\u00e0 th\u01b0\u01a1ng hi\u1ec7u game \u0111\u1ed5i th\u01b0\u1edfng tr\u1ef1c tuy\u1ebfn \u0111\u01b0\u1ee3c \u0111\u00f4ng \u0111\u1ea3o ng\u01b0\u1eddi ch\u01a1i Vi\u1ec7t Nam tin t\u01b0\u1edfng v\u00e0 l\u1ef1a ch\u1ecdn, n\u1ed5i ti\u1ebfng v\u1edbi kho game phong ph\u00fa, giao di\u1ec7n th\u00e2n thi\u1ec7n v\u00e0 h\u1ec7 th\u1ed1ng b\u1ea3o m\u1eadt \u0111\u00e1ng tin c\u1eady. T\u1eeb game b\u00e0i \u0111\u1ed5i th\u01b0\u1edfng truy\u1ec1n th\u1ed1ng \u0111\u1ebfn slot n\u1ed5 h\u0169 hi\u1ec7n \u0111\u1ea1i, t\u1eeb b\u1eafn c\u00e1 h\u1ea5p d\u1eabn \u0111\u1ebfn casino live v\u1edbi dealer ng\u01b0\u1eddi th\u1eadt \u2013 Sunwin x\u00e2y d\u1ef1ng h\u1ec7 sinh th\u00e1i gi\u1ea3i tr\u00ed tr\u1ef1c tuy\u1ebfn \u0111\u00e1p \u1ee9ng m\u1ecdi nhu c\u1ea7u c\u1ee7a ng\u01b0\u1eddi ch\u01a1i Vi\u1ec7t Nam 24\/7.<\/span><\/p>\n<p><img loading=\"lazy\" decoding=\"async\" class=\"wp-image-37 size-full aligncenter\" src=\"https:\/\/kienthucnft.com\/wp-content\/uploads\/2026\/03\/unnamed-6.png\" alt=\"\" width=\"768\" height=\"347\" srcset=\"https:\/\/kienthucnft.com\/wp-content\/uploads\/2026\/03\/unnamed-6.png 768w, https:\/\/kienthucnft.com\/wp-content\/uploads\/2026\/03\/unnamed-6-300x136.png 300w\" sizes=\"auto, (max-width: 768px) 100vw, 768px\" \/><\/p>\n<h2><b>1. Sunwin L\u00e0 G\u00ec? Gi\u1edbi Thi\u1ec7u N\u1ec1n T\u1ea3ng<\/b><\/h2>\n<p><span style=\"font-weight: 400;\">Sunwin l\u00e0 n\u1ec1n t\u1ea3ng game \u0111\u1ed5i th\u01b0\u1edfng tr\u1ef1c tuy\u1ebfn ho\u1ea1t \u0111\u1ed9ng theo m\u00f4 h\u00ecnh c\u1ed5ng game \u0111a s\u1ea3n ph\u1ea9m, cung c\u1ea5p tr\u1ea3i nghi\u1ec7m gi\u1ea3i tr\u00ed phong ph\u00fa cho ng\u01b0\u1eddi ch\u01a1i t\u1ea1i Vi\u1ec7t Nam v\u00e0 nhi\u1ec1u qu\u1ed1c gia ch\u00e2u \u00c1. N\u1ec1n t\u1ea3ng \u0111\u01b0\u1ee3c x\u00e2y d\u1ef1ng tr\u00ean c\u01a1 s\u1edf h\u1ea1 t\u1ea7ng c\u00f4ng ngh\u1ec7 hi\u1ec7n \u0111\u1ea1i, \u0111\u1ea3m b\u1ea3o t\u1ed1c \u0111\u1ed9 t\u1ea3i game nhanh, k\u1ebft n\u1ed1i \u1ed5n \u0111\u1ecbnh v\u00e0 tr\u1ea3i nghi\u1ec7m m\u01b0\u1ee3t m\u00e0 tr\u00ean c\u1ea3 desktop l\u1eabn thi\u1ebft b\u1ecb di \u0111\u1ed9ng. Sunwin cam k\u1ebft minh b\u1ea1ch v\u00e0 c\u00f4ng b\u1eb1ng trong m\u1ecdi s\u1ea3n ph\u1ea9m game, s\u1eed d\u1ee5ng h\u1ec7 th\u1ed1ng RNG (Random Number Generator) \u0111\u01b0\u1ee3c ch\u1ee9ng nh\u1eadn \u0111\u1ec3 \u0111\u1ea3m b\u1ea3o k\u1ebft qu\u1ea3 ng\u1eabu nhi\u00ean ho\u00e0n to\u00e0n.<\/span><\/p>\n<p><span style=\"font-weight: 400;\">\u0110\u1ed9i ng\u0169 h\u1ed7 tr\u1ee3 kh\u00e1ch h\u00e0ng Sunwin ho\u1ea1t \u0111\u1ed9ng 24\/7, s\u1eb5n s\u00e0ng gi\u1ea3i \u0111\u00e1p m\u1ecdi th\u1eafc m\u1eafc v\u00e0 x\u1eed l\u00fd v\u1ea5n \u0111\u1ec1 nhanh ch\u00f3ng qua nhi\u1ec1u k\u00eanh li\u00ean h\u1ec7. V\u1edbi kinh nghi\u1ec7m nhi\u1ec1u n\u0103m ph\u1ee5c v\u1ee5 c\u1ed9ng \u0111\u1ed3ng ng\u01b0\u1eddi ch\u01a1i, Sunwin hi\u1ec3u r\u00f5 nhu c\u1ea7u v\u00e0 mang \u0111\u1ebfn tr\u1ea3i nghi\u1ec7m ng\u00e0y c\u00e0ng \u0111\u01b0\u1ee3c c\u1ea3i thi\u1ec7n qua t\u1eebng phi\u00ean b\u1ea3n c\u1eadp nh\u1eadt.<\/span><\/p>\n<h2><b>2. Kho Game \u0110a D\u1ea1ng T\u1ea1i Sunwin<\/b><\/h2>\n<p><img loading=\"lazy\" decoding=\"async\" class=\"wp-image-38 size-full aligncenter\" src=\"https:\/\/kienthucnft.com\/wp-content\/uploads\/2026\/03\/unnamed-7.png\" alt=\"\" width=\"596\" height=\"296\" srcset=\"https:\/\/kienthucnft.com\/wp-content\/uploads\/2026\/03\/unnamed-7.png 596w, https:\/\/kienthucnft.com\/wp-content\/uploads\/2026\/03\/unnamed-7-300x149.png 300w\" sizes=\"auto, (max-width: 596px) 100vw, 596px\" \/><\/p>\n<p><span style=\"font-weight: 400;\">Game B\u00e0i \u0110\u1ed5i Th\u01b0\u1edfng l\u00e0 danh m\u1ee5c \u0111\u1eb7c tr\u01b0ng nh\u1ea5t c\u1ee7a Sunwin, bao g\u1ed3m c\u00e1c t\u1ef1a game b\u00e0i truy\u1ec1n th\u1ed1ng Vi\u1ec7t Nam: Ti\u1ebfn L\u00ean Mi\u1ec1n Nam, Ph\u1ecfm (T\u1ed5 T\u00f4m B\u1ecbp), M\u1eadu Binh, S\u00e2m L\u1ed1c, T\u00e0i X\u1ec9u v\u00e0 nhi\u1ec1u game kh\u00e1c. \u0110\u00e2y l\u00e0 nh\u1eefng game quen thu\u1ed9c v\u1edbi v\u0103n ho\u00e1 gi\u1ea3i tr\u00ed Vi\u1ec7t Nam, \u0111\u01b0\u1ee3c s\u1ed1 ho\u00e1 v\u1edbi \u0111\u1ed3 ho\u1ea1 \u0111\u1eb9p v\u00e0 c\u01a1 ch\u1ebf \u0111\u1ed5i th\u01b0\u1edfng minh b\u1ea1ch.<\/span><\/p>\n<p><span style=\"font-weight: 400;\">B\u1eafn C\u00e1 l\u00e0 danh m\u1ee5c game \u0111\u01b0\u1ee3c y\u00eau th\u00edch nh\u1ea5t t\u1ea1i Sunwin v\u1edbi nhi\u1ec1u t\u1ef1a game b\u1eafn c\u00e1 \u0111a d\u1ea1ng ch\u1ee7 \u0111\u1ec1: B\u1eafn C\u00e1 Ti\u00ean, B\u1eafn C\u00e1 R\u1ed3ng, B\u1eafn C\u00e1 3D, B\u1eafn C\u00e1 H\u1ea3i V\u01b0\u01a1ng v\u00e0 nhi\u1ec1u t\u1ef1a kh\u00e1c. M\u1ed7i t\u1ef1a game c\u00f3 h\u1ec7 th\u1ed1ng boss ri\u00eang, jackpot Progressive v\u00e0 v\u0169 kh\u00ed \u0111\u1eb7c bi\u1ec7t \u0111\u1ed9c \u0111\u00e1o. Slot N\u1ed5 H\u0169 cung c\u1ea5p h\u00e0ng tr\u0103m t\u1ef1a slot t\u1eeb c\u00e1c nh\u00e0 ph\u00e1t tri\u1ec3n uy t\u00edn v\u1edbi jackpot t\u00edch l\u0169y realtime. Casino Live v\u1edbi dealer ng\u01b0\u1eddi th\u1eadt ph\u00e1t s\u00f3ng HD 24\/7 cho tr\u1ea3i nghi\u1ec7m casino ch\u00e2n th\u1ef1c ngay t\u1ea1i nh\u00e0.<\/span><\/p>\n<h2><b>3. \u01afu \u0110\u00e3i V\u00e0 Khuy\u1ebfn M\u00e3i Sunwin<\/b><\/h2>\n<p><span style=\"font-weight: 400;\">Sunwin th\u01b0\u1eddng xuy\u00ean tri\u1ec3n khai c\u00e1c ch\u01b0\u01a1ng tr\u00ecnh \u01b0u \u0111\u00e3i h\u1ea5p d\u1eabn: Bonus ch\u00e0o m\u1eebng th\u00e0nh vi\u00ean m\u1edbi, \u01b0u \u0111\u00e3i n\u1ea1p ti\u1ec1n h\u00e0ng ng\u00e0y\/tu\u1ea7n\/th\u00e1ng, ho\u00e0n tr\u1ea3 thua (cashback) \u0111\u1ecbnh k\u1ef3, ch\u01b0\u01a1ng tr\u00ecnh th\u00e0nh vi\u00ean VIP v\u1edbi \u0111\u1eb7c quy\u1ec1n ng\u00e0y c\u00e0ng h\u1ea5p d\u1eabn khi th\u0103ng h\u1ea1ng. Ngo\u00e0i ra, Sunwin t\u1ed5 ch\u1ee9c c\u00e1c s\u1ef1 ki\u1ec7n theo m\u00f9a nh\u01b0 T\u1ebft Nguy\u00ean \u0110\u00e1n, l\u1ec5 h\u1ed9i \u0111\u1eb7c bi\u1ec7t v\u1edbi ph\u1ea7n th\u01b0\u1edfng l\u1edbn h\u01a1n th\u01b0\u1eddng ng\u00e0y. Ng\u01b0\u1eddi ch\u01a1i theo d\u00f5i th\u01b0\u1eddng xuy\u00ean k\u00eanh th\u00f4ng b\u00e1o ch\u00ednh th\u1ee9c c\u1ee7a Sunwin \u0111\u1ec3 kh\u00f4ng b\u1ecf l\u1ee1 c\u00e1c ch\u01b0\u01a1ng tr\u00ecnh \u01b0u \u0111\u00e3i c\u00f3 th\u1eddi h\u1ea1n.<\/span><\/p>\n<p><img loading=\"lazy\" decoding=\"async\" class=\"size-full wp-image-39 aligncenter\" src=\"https:\/\/kienthucnft.com\/wp-content\/uploads\/2026\/03\/unnamed-8.png\" alt=\"\" width=\"800\" height=\"400\" srcset=\"https:\/\/kienthucnft.com\/wp-content\/uploads\/2026\/03\/unnamed-8.png 800w, https:\/\/kienthucnft.com\/wp-content\/uploads\/2026\/03\/unnamed-8-300x150.png 300w, https:\/\/kienthucnft.com\/wp-content\/uploads\/2026\/03\/unnamed-8-768x384.png 768w\" sizes=\"auto, (max-width: 800px) 100vw, 800px\" \/><\/p>\n<h2><b>4. L\u00fd Do Ch\u1ecdn Sunwin<\/b><\/h2>\n<p><span style=\"font-weight: 400;\">T\u00ednh \u1ed5n \u0111\u1ecbnh v\u00e0 uy t\u00edn: Sunwin \u0111\u00e3 ho\u1ea1t \u0111\u1ed9ng nhi\u1ec1u n\u0103m v\u1edbi c\u1ed9ng \u0111\u1ed3ng ng\u01b0\u1eddi ch\u01a1i l\u1edbn v\u00e0 trung th\u00e0nh t\u1ea1i Vi\u1ec7t Nam, ch\u1ee9ng minh b\u1eb1ng th\u1ef1c t\u1ebf kh\u1ea3 n\u0103ng thanh to\u00e1n nhanh ch\u00f3ng v\u00e0 minh b\u1ea1ch. Giao di\u1ec7n ti\u1ebfng Vi\u1ec7t ho\u00e0n to\u00e0n v\u1edbi \u0111\u1ed9i ng\u0169 CSKH ti\u1ebfng Vi\u1ec7t 24\/7. Ph\u01b0\u01a1ng th\u1ee9c n\u1ea1p r\u00fat phong ph\u00fa h\u1ed7 tr\u1ee3 \u0111\u1ea7y \u0111\u1ee7 ng\u00e2n h\u00e0ng Vi\u1ec7t Nam v\u00e0 v\u00ed \u0111i\u1ec7n t\u1eed ph\u1ed5 bi\u1ebfn. App mobile t\u1ed1i \u01b0u cho c\u1ea3 Android l\u1eabn iOS v\u1edbi tr\u1ea3i nghi\u1ec7m game m\u01b0\u1ee3t m\u00e0 ngay c\u1ea3 tr\u00ean 3G\/4G.<\/span><\/p>\n<ul>\n<li><span style=\"font-weight: 400;\"> \u00a0 \u00a0 <\/span><span style=\"font-weight: 400;\">Game b\u00e0i truy\u1ec1n th\u1ed1ng: Ti\u1ebfn L\u00ean, Ph\u1ecfm, M\u1eadu Binh, T\u00e0i X\u1ec9u<\/span><\/li>\n<li><span style=\"font-weight: 400;\"> \u00a0 \u00a0 <\/span><span style=\"font-weight: 400;\">B\u1eafn C\u00e1: h\u00e0ng ch\u1ee5c t\u1ef1a game v\u1edbi boss jackpot Progressive<\/span><\/li>\n<li><span style=\"font-weight: 400;\"> \u00a0 \u00a0 <\/span><span style=\"font-weight: 400;\">Casino Live: dealer ng\u01b0\u1eddi th\u1eadt HD 24\/7<\/span><\/li>\n<li><span style=\"font-weight: 400;\"> \u00a0 \u00a0 <\/span><span style=\"font-weight: 400;\">CSKH 24\/7 ti\u1ebfng Vi\u1ec7t: h\u1ed7 tr\u1ee3 nhanh qua nhi\u1ec1u k\u00eanh<\/span><\/li>\n<\/ul>\n<h2><b>K\u1ebft Lu\u1eadn<\/b><\/h2>\n<p><span style=\"font-weight: 400;\">Sunwin l\u00e0 l\u1ef1a ch\u1ecdn game \u0111\u1ed5i th\u01b0\u1edfng \u0111\u00e1ng tin c\u1eady cho ng\u01b0\u1eddi ch\u01a1i Vi\u1ec7t Nam \u2013 kho game phong ph\u00fa, \u01b0u \u0111\u00e3i h\u00e0o ph\u00f3ng v\u00e0 d\u1ecbch v\u1ee5 h\u1ed7 tr\u1ee3 t\u1eadn t\u00e2m. D\u00f9 b\u1ea1n y\u00eau th\u00edch game b\u00e0i truy\u1ec1n th\u1ed1ng, b\u1eafn c\u00e1, slot hay casino live \u2013 Sunwin \u0111\u1ec1u c\u00f3 s\u1ea3n ph\u1ea9m ph\u00f9 h\u1ee3p. H\u00e3y \u0111\u0103ng k\u00fd t\u00e0i kho\u1ea3n v\u00e0 kh\u00e1m ph\u00e1 th\u1ebf gi\u1edbi gi\u1ea3i tr\u00ed phong ph\u00fa t\u1ea1i Sunwin ngay h\u00f4m nay!<\/span><\/p>\n<p><br \/><br \/><\/p>\n\n\t\t<\/div>\n\t\t\t\t\t<\/div>\n\n\t\n\n<\/div>\n\n  \n    <div class=\"row large-columns-3 medium-columns-1 small-columns-1 slider row-slider slider-nav-reveal slider-nav-push\"  data-flickity-options='{&quot;imagesLoaded&quot;: true, &quot;groupCells&quot;: &quot;100%&quot;, &quot;dragThreshold&quot; : 5, &quot;cellAlign&quot;: &quot;left&quot;,&quot;wrapAround&quot;: true,&quot;prevNextButtons&quot;: true,&quot;percentPosition&quot;: true,&quot;pageDots&quot;: false, &quot;rightToLeft&quot;: false, &quot;autoPlay&quot; : false}' >\n\n  <div class=\"col post-item\" >\n\t\t\t<div class=\"col-inner\">\n\t\t\t\t<div class=\"box box-normal box-text-bottom box-blog-post has-hover\">\n          \t\t\t\t\t<div class=\"box-text text-center\" >\n\t\t\t\t\t<div class=\"box-text-inner blog-post-inner\">\n\n\t\t\t\t\t\n\t\t\t\t\t\t\t\t\t\t<h5 class=\"post-title is-large \">\n\t\t\t\t\t\t<a href=\"https:\/\/kienthucnft.com\/?p=1\" class=\"plain\">Hello world!<\/a>\n\t\t\t\t\t<\/h5>\n\t\t\t\t\t<div class=\"post-meta is-small op-8\">March 31, 2026<\/div>\t\t\t\t\t<div class=\"is-divider\"><\/div>\n\t\t\t\t\t\t\t\t\t\t<p class=\"from_the_blog_excerpt \">\n\t\t\t\t\t\tWelcome to WordPress. This is your first post. Edit or delete it, then start writing!\t\t\t\t\t<\/p>\n\t\t\t\t\t                                            <p class=\"from_the_blog_comments uppercase is-xsmall\">\n                            1 Comment                        <\/p>\n                    \n\t\t\t\t\t\n\t\t\t\t\t\n\t\t\t\t\t<\/div>\n\t\t\t\t\t<\/div>\n\t\t\t\t\t\t\t\t\t<\/div>\n\t\t\t<\/div>\n\t\t<\/div><\/div>\n\n\n","protected":false},"excerpt":{"rendered":"","protected":false},"author":2,"featured_media":0,"parent":0,"menu_order":0,"comment_status":"closed","ping_status":"closed","template":"","meta":{"footnotes":""},"class_list":["post-6","page","type-page","status-publish","hentry"],"_links":{"self":[{"href":"https:\/\/kienthucnft.com\/index.php?rest_route=\/wp\/v2\/pages\/6","targetHints":{"allow":["GET"]}}],"collection":[{"href":"https:\/\/kienthucnft.com\/index.php?rest_route=\/wp\/v2\/pages"}],"about":[{"href":"https:\/\/kienthucnft.com\/index.php?rest_route=\/wp\/v2\/types\/page"}],"author":[{"embeddable":true,"href":"https:\/\/kienthucnft.com\/index.php?rest_route=\/wp\/v2\/users\/2"}],"replies":[{"embeddable":true,"href":"https:\/\/kienthucnft.com\/index.php?rest_route=%2Fwp%2Fv2%2Fcomments&post=6"}],"version-history":[{"count":6,"href":"https:\/\/kienthucnft.com\/index.php?rest_route=\/wp\/v2\/pages\/6\/revisions"}],"predecessor-version":[{"id":40,"href":"https:\/\/kienthucnft.com\/index.php?rest_route=\/wp\/v2\/pages\/6\/revisions\/40"}],"wp:attachment":[{"href":"https:\/\/kienthucnft.com\/index.php?rest_route=%2Fwp%2Fv2%2Fmedia&parent=6"}],"curies":[{"name":"wp","href":"https:\/\/api.w.org\/{rel}","templated":true}]}}