{"id":17,"date":"2026-03-31T17:59:44","date_gmt":"2026-03-31T17:59:44","guid":{"rendered":"https:\/\/kienthucnft.com\/?page_id=17"},"modified":"2026-03-31T17:59:44","modified_gmt":"2026-03-31T17:59:44","slug":"dang-ky","status":"publish","type":"page","link":"https:\/\/kienthucnft.com\/?page_id=17","title":{"rendered":"\u0110\u0103ng K\u00fd"},"content":{"rendered":"\n\n\n<p><\/p>\n","protected":false},"excerpt":{"rendered":"","protected":false},"author":2,"featured_media":0,"parent":0,"menu_order":0,"comment_status":"closed","ping_status":"closed","template":"","meta":{"footnotes":""},"class_list":["post-17","page","type-page","status-publish","hentry"],"_links":{"self":[{"href":"https:\/\/kienthucnft.com\/index.php?rest_route=\/wp\/v2\/pages\/17","targetHints":{"allow":["GET"]}}],"collection":[{"href":"https:\/\/kienthucnft.com\/index.php?rest_route=\/wp\/v2\/pages"}],"about":[{"href":"https:\/\/kienthucnft.com\/index.php?rest_route=\/wp\/v2\/types\/page"}],"author":[{"embeddable":true,"href":"https:\/\/kienthucnft.com\/index.php?rest_route=\/wp\/v2\/users\/2"}],"replies":[{"embeddable":true,"href":"https:\/\/kienthucnft.com\/index.php?rest_route=%2Fwp%2Fv2%2Fcomments&post=17"}],"version-history":[{"count":1,"href":"https:\/\/kienthucnft.com\/index.php?rest_route=\/wp\/v2\/pages\/17\/revisions"}],"predecessor-version":[{"id":18,"href":"https:\/\/kienthucnft.com\/index.php?rest_route=\/wp\/v2\/pages\/17\/revisions\/18"}],"wp:attachment":[{"href":"https:\/\/kienthucnft.com\/index.php?rest_route=%2Fwp%2Fv2%2Fmedia&parent=17"}],"curies":[{"name":"wp","href":"https:\/\/api.w.org\/{rel}","templated":true}]}}